{"id":3064,"date":"2025-10-13T16:08:33","date_gmt":"2025-10-13T14:08:33","guid":{"rendered":"http:\/\/tickprotektor.com\/mentions-legales-de\/"},"modified":"2026-01-20T12:58:24","modified_gmt":"2026-01-20T10:58:24","slug":"mentions-legales-de","status":"publish","type":"page","link":"https:\/\/tickprotektor.com\/fr\/mentions-legales-de\/","title":{"rendered":"Mentions l\u00e9gales \u2013 DE"},"content":{"rendered":"\n<div class=\"gb-element-83c0bb32\">\n<div class=\"gb-element-d1ffdd6c\">\n<h2 class=\"wp-block-heading\" style=\"font-size:clamp(1.378rem, 1.378rem + ((1vw - 0.2rem) * 1.09), 2.25rem);line-height:2\"><strong>Mentions l\u00e9gales<\/strong><\/h2>\n<\/div>\n\n\n\n<div class=\"gb-element-4f9bf093\">\n<div class=\"gb-element-67a7919a\">\n<div class=\"wp-block-group is-nowrap is-layout-flex wp-container-core-group-is-layout-6c531013 wp-block-group-is-layout-flex\">\n<figure class=\"wp-block-image size-full is-resized\"><img decoding=\"async\" width=\"1024\" height=\"1024\" src=\"https:\/\/tickprotektor.com\/wp-content\/uploads\/2025\/10\/logo-building.jpg\" alt=\"\" class=\"wp-image-585\" style=\"object-fit:cover;width:30px;height:30px\" srcset=\"https:\/\/tickprotektor.com\/wp-content\/uploads\/2025\/10\/logo-building.jpg 1024w, https:\/\/tickprotektor.com\/wp-content\/uploads\/2025\/10\/logo-building-300x300.jpg 300w, https:\/\/tickprotektor.com\/wp-content\/uploads\/2025\/10\/logo-building-150x150.jpg 150w, https:\/\/tickprotektor.com\/wp-content\/uploads\/2025\/10\/logo-building-768x768.jpg 768w\" sizes=\"(max-width: 1024px) 100vw, 1024px\" \/><\/figure>\n\n\n\n<h2 class=\"wp-block-heading has-roboto-font-family\" style=\"font-size:clamp(0.984rem, 0.984rem + ((1vw - 0.2rem) * 0.645), 1.5rem);line-height:2\"><strong>Informations conform\u00e9ment au \u00a7 5 DDG<\/strong><\/h2>\n<\/div>\n\n\n\n<p class=\"has-roboto-font-family\" style=\"font-size:clamp(0.875rem, 0.875rem + ((1vw - 0.2rem) * 0.319), 1.13rem);line-height:1.5\">ATI Industrie Ltd.<\/p>\n\n\n\n<p class=\"has-text-color has-link-color has-roboto-font-family wp-elements-49a23be9bb4622970c57b5e8374ed3a8\" style=\"color:#787878;font-size:clamp(0.875rem, 0.875rem + ((1vw - 0.2rem) * 0.319), 1.13rem);\">Private Company Limited by Shares (Ltd)<\/p>\n<\/div>\n<\/div>\n\n\n\n<div class=\"gb-element-967d199c\">\n<div class=\"gb-element-5639104a\">\n<div class=\"wp-block-group is-nowrap is-layout-flex wp-container-core-group-is-layout-6c531013 wp-block-group-is-layout-flex\">\n<span class=\"gb-shape gb-shape-9c73ec14\"><svg xmlns=\"http:\/\/www.w3.org\/2000\/svg\" viewbox=\"0 0 384 512\" width=\"1em\" height=\"1em\" aria-hidden=\"true\"><path d=\"M172.268 501.67C26.97 291.031 0 269.413 0 192 0 85.961 85.961 0 192 0s192 85.961 192 192c0 77.413-26.97 99.031-172.268 309.67-9.535 13.774-29.93 13.773-39.464 0zM192 272c44.183 0 80-35.817 80-80s-35.817-80-80-80-80 35.817-80 80 35.817 80 80 80z\" fill=\"currentColor\"><\/path><\/svg><\/span>\n\n\n\n<h2 class=\"wp-block-heading has-roboto-font-family\" style=\"font-size:clamp(0.984rem, 0.984rem + ((1vw - 0.2rem) * 0.645), 1.5rem);\"><strong>Si\u00e8ge social<\/strong><\/h2>\n<\/div>\n\n\n\n<p class=\"has-text-color has-link-color has-roboto-font-family wp-elements-0831c6df12860af5743307368c62bc97\" style=\"color:#787878;font-size:clamp(0.875rem, 0.875rem + ((1vw - 0.2rem) * 0.319), 1.13rem);line-height:1.6\">Carlisle Building<br\/>51 Bracken Road<br\/>Sandyford Business Park<br\/>Dublin, D18 CV48<br\/>Irlande<\/p>\n\n\n\n<hr class=\"wp-block-separator has-alpha-channel-opacity\"\/>\n\n\n\n<p class=\"has-text-color has-link-color has-roboto-font-family has-small-font-size wp-elements-1187f5ca8c1bdc3e0d80a8ac2628dc62\" style=\"color:#787878;line-height:0.4\">Enregistr\u00e9e aupr\u00e8s du Companies Registration Office Irlande<\/p>\n\n\n\n<p class=\"has-small-font-size\" style=\"font-style:normal;font-weight:800;line-height:1\">Num\u00e9ro d\u2019enregistrement : 643128<\/p>\n<\/div>\n<\/div>\n\n\n\n<div class=\"gb-element-3e2c0490\">\n<div class=\"gb-element-38bc36f0\">\n<div class=\"wp-block-group is-nowrap is-layout-flex wp-container-core-group-is-layout-6c531013 wp-block-group-is-layout-flex\">\n<span class=\"gb-shape gb-shape-a300a223\"><svg xmlns=\"http:\/\/www.w3.org\/2000\/svg\" viewbox=\"0 0 384 512\" width=\"1em\" height=\"1em\" aria-hidden=\"true\"><path d=\"M172.268 501.67C26.97 291.031 0 269.413 0 192 0 85.961 85.961 0 192 0s192 85.961 192 192c0 77.413-26.97 99.031-172.268 309.67-9.535 13.774-29.93 13.773-39.464 0zM192 272c44.183 0 80-35.817 80-80s-35.817-80-80-80-80 35.817-80 80 35.817 80 80 80z\" fill=\"currentColor\"><\/path><\/svg><\/span>\n\n\n\n<h2 class=\"wp-block-heading has-roboto-font-family\" style=\"font-size:clamp(0.984rem, 0.984rem + ((1vw - 0.2rem) * 0.645), 1.5rem);\"><strong>Adresse commerciale (Allemagne)<\/strong><\/h2>\n<\/div>\n\n\n\n<p class=\"has-text-color has-link-color has-roboto-font-family has-medium-font-size wp-elements-2f54e3c0525d408b49a4b4edae19ebdc\" style=\"color:#787878;line-height:1.6\"> Birkenweg 9<br\/> 72147 Nehren<br\/> Allemagne<\/p>\n\n\n\n<p class=\"has-text-color has-background has-link-color has-roboto-font-family wp-elements-f9c4488176799bbe99d65a4440115aa5\" style=\"color:#787878;background-color:#e1e8f033;font-size:12px\"><em>Remarque : Il n\u2019y a ni usine ni succursale de la soci\u00e9t\u00e9 \u00e0 cette adresse. Il s\u2019agit uniquement d\u2019une adresse de contact. <\/em><\/p>\n<\/div>\n<\/div>\n\n\n\n<div class=\"gb-element-929014a4\">\n<div class=\"gb-element-72c8145b\">\n<h2 class=\"wp-block-heading has-roboto-font-family\" style=\"font-size:clamp(0.984rem, 0.984rem + ((1vw - 0.2rem) * 0.645), 1.5rem);\"><strong>Directeur autoris\u00e9 \u00e0 repr\u00e9senter<\/strong><\/h2>\n\n\n\n<p class=\"has-roboto-font-family has-large-font-size\" style=\"font-style:normal;font-weight:600\">Jens Christian Metz<\/p>\n<\/div>\n<\/div>\n\n\n\n<div class=\"gb-element-521ccc0d\">\n<div class=\"gb-element-c1eb5095\">\n<h2 class=\"wp-block-heading has-roboto-font-family\" style=\"font-size:clamp(0.984rem, 0.984rem + ((1vw - 0.2rem) * 0.645), 1.5rem);\"><strong>Contact<\/strong><\/h2>\n\n\n\n<div class=\"wp-block-group is-nowrap is-layout-flex wp-container-core-group-is-layout-5c3c14bb wp-block-group-is-layout-flex\" style=\"margin-top:var(--wp--preset--spacing--30);margin-bottom:var(--wp--preset--spacing--30)\">\n<span class=\"gb-shape gb-shape-64f3bfe6\"><svg xmlns=\"http:\/\/www.w3.org\/2000\/svg\" aria-hidden=\"true\" height=\"1em\" width=\"1em\" viewbox=\"0 0 512 512\"><path fill=\"currentColor\" d=\"M493.4 24.6l-104-24c-11.3-2.6-22.9 3.3-27.5 13.9l-48 112c-4.2 9.8-1.4 21.3 6.9 28l60.6 49.6c-36 76.7-98.9 140.5-177.2 177.2l-49.6-60.6c-6.8-8.3-18.2-11.1-28-6.9l-112 48C3.9 366.5-2 378.1.6 389.4l24 104C27.1 504.2 36.7 512 48 512c256.1 0 464-207.5 464-464 0-11.2-7.7-20.9-18.6-23.4z\"><\/path><\/svg><\/span>\n\n\n\n<p class=\"has-text-color has-link-color has-roboto-font-family has-medium-font-size wp-elements-b490d1e96e82e8d7d3a007013d2acbb8\" style=\"color:#787878\"><a href=\"tel:4974739199987\">+49 7473 91999-87<\/a><\/p>\n<\/div>\n\n\n\n<div class=\"wp-block-group is-nowrap is-layout-flex wp-container-core-group-is-layout-5c3c14bb wp-block-group-is-layout-flex\" style=\"margin-top:var(--wp--preset--spacing--30);margin-bottom:var(--wp--preset--spacing--30)\">\n<span class=\"gb-shape gb-shape-d7cf98ba\"><svg xmlns=\"http:\/\/www.w3.org\/2000\/svg\" aria-hidden=\"true\" height=\"1em\" width=\"1em\" viewbox=\"0 0 512 512\"><path fill=\"currentColor\" d=\"M464 64H48C21.49 64 0 85.49 0 112v288c0 26.51 21.49 48 48 48h416c26.51 0 48-21.49 48-48V112c0-26.51-21.49-48-48-48zm0 48v40.805c-22.422 18.259-58.168 46.651-134.587 106.49-16.841 13.247-50.201 45.072-73.413 44.701-23.208.375-56.579-31.459-73.413-44.701C106.18 199.465 70.425 171.067 48 152.805V112h416zM48 400V214.398c22.914 18.251 55.409 43.862 104.938 82.646 21.857 17.205 60.134 55.186 103.062 54.955 42.717.231 80.509-37.199 103.053-54.947 49.528-38.783 82.032-64.401 104.947-82.653V400H48z\"><\/path><\/svg><\/span>\n\n\n\n<p class=\"has-text-color has-roboto-font-family has-medium-font-size wp-elements-c61d2495b680d056a1877f9efba3cdc1\" style=\"color:#787878\"><a href=\"mailto:impressum@tickprotektor.com\">impressum@tickprotektor.com<\/a><\/p>\n<\/div>\n<\/div>\n<\/div>\n\n\n\n<div class=\"gb-element-89c4793e\">\n<div class=\"gb-element-0f8df53e\">\n<h2 class=\"wp-block-heading has-roboto-font-family\" style=\"font-size:clamp(0.984rem, 0.984rem + ((1vw - 0.2rem) * 0.645), 1.5rem);\"><strong>Num\u00e9ro d\u2019identification TVA conform\u00e9ment au \u00a7 27a UStG<\/strong><\/h2>\n\n\n\n<p class=\"has-fira-code-font-family\" style=\"font-size:clamp(0.875rem, 0.875rem + ((1vw - 0.2rem) * 0.319), 1.13rem);font-style:normal;font-weight:600\">DE 323 236 489<\/p>\n<\/div>\n<\/div>\n\n\n\n<div class=\"gb-element-16a6b51b\">\n<div class=\"gb-element-c5ed925f\">\n<h2 class=\"wp-block-heading has-roboto-font-family\" style=\"font-size:clamp(0.984rem, 0.984rem + ((1vw - 0.2rem) * 0.645), 1.5rem);\"><strong>Responsable du contenu selon \u00a7 18 ABS. 2 MStV <\/strong><\/h2>\n\n\n\n<p class=\"has-roboto-font-family\" style=\"font-size:clamp(0.875rem, 0.875rem + ((1vw - 0.2rem) * 0.319), 1.13rem);font-style:normal;font-weight:600;line-height:1.2\">Jens Christian Metz<\/p>\n\n\n\n<p class=\"has-text-color has-link-color has-roboto-font-family wp-elements-c837a43a34aa2defb41743f0f7e356cd\" style=\"color:#787878;font-size:clamp(0.875rem, 0.875rem + ((1vw - 0.2rem) * 0.319), 1.13rem);font-style:normal;font-weight:400;line-height:1.2\">Birkenweg 9<\/p>\n\n\n\n<p class=\"has-text-color has-link-color has-roboto-font-family wp-elements-3687ae56438a37598b87248a29a24a00\" style=\"color:#787878;font-size:clamp(0.875rem, 0.875rem + ((1vw - 0.2rem) * 0.319), 1.13rem);font-style:normal;font-weight:400;line-height:1.2\">72147 Nehren<\/p>\n\n\n\n<p class=\"has-text-color has-link-color has-roboto-font-family wp-elements-428a80960fe66f9fe8e15ee32bd560e2\" style=\"color:#787878;font-size:clamp(0.875rem, 0.875rem + ((1vw - 0.2rem) * 0.319), 1.13rem);font-style:normal;font-weight:400;line-height:1.2\">Allemagne<\/p>\n<\/div>\n<\/div>\n\n\n\n<div class=\"gb-element-9ed3b1f6\">\n<div class=\"gb-element-ab2e6123\">\n<h2 class=\"wp-block-heading has-roboto-font-family\" style=\"font-size:clamp(0.984rem, 0.984rem + ((1vw - 0.2rem) * 0.645), 1.5rem);\"><strong>Note relative au r\u00e8glement des litiges de consommation conform\u00e9ment au \u00a7 36 VSBG<\/strong><\/h2>\n\n\n\n<p class=\"has-text-color has-link-color has-roboto-font-family wp-elements-958f31f1418a587c4845cd8d0977c0a5\" style=\"color:#787878;font-size:clamp(0.875rem, 0.875rem + ((1vw - 0.2rem) * 0.319), 1.13rem);font-style:normal;font-weight:400;line-height:1.2\">Nous ne sommes ni oblig\u00e9s ni dispos\u00e9s \u00e0 participer \u00e0 une proc\u00e9dure de r\u00e8glement des litiges devant un organisme de conciliation des consommateurs.<\/p>\n<\/div>\n<\/div>\n<\/div>\n","protected":false},"excerpt":{"rendered":"<p>Mentions l\u00e9gales Informations conform\u00e9ment au \u00a7 5 DDG ATI Industrie Ltd. Private Company Limited by Shares (Ltd) Si\u00e8ge social Carlisle Building51 Bracken RoadSandyford Business ParkDublin, D18 CV48Irlande Enregistr\u00e9e aupr\u00e8s du Companies Registration Office Irlande Num\u00e9ro d\u2019enregistrement : 643128 Adresse commerciale (Allemagne) Birkenweg 9 72147 Nehren Allemagne Remarque : Il n\u2019y a ni usine ni succursale [&hellip;]<\/p>\n","protected":false},"author":1,"featured_media":0,"parent":0,"menu_order":0,"comment_status":"closed","ping_status":"closed","template":"","meta":{"footnotes":""},"class_list":["post-3064","page","type-page","status-publish","hentry"],"_links":{"self":[{"href":"https:\/\/tickprotektor.com\/fr\/wp-json\/wp\/v2\/pages\/3064","targetHints":{"allow":["GET"]}}],"collection":[{"href":"https:\/\/tickprotektor.com\/fr\/wp-json\/wp\/v2\/pages"}],"about":[{"href":"https:\/\/tickprotektor.com\/fr\/wp-json\/wp\/v2\/types\/page"}],"author":[{"embeddable":true,"href":"https:\/\/tickprotektor.com\/fr\/wp-json\/wp\/v2\/users\/1"}],"replies":[{"embeddable":true,"href":"https:\/\/tickprotektor.com\/fr\/wp-json\/wp\/v2\/comments?post=3064"}],"version-history":[{"count":0,"href":"https:\/\/tickprotektor.com\/fr\/wp-json\/wp\/v2\/pages\/3064\/revisions"}],"wp:attachment":[{"href":"https:\/\/tickprotektor.com\/fr\/wp-json\/wp\/v2\/media?parent=3064"}],"curies":[{"name":"wp","href":"https:\/\/api.w.org\/{rel}","templated":true}]}}