{"id":3169,"date":"2025-09-05T13:12:14","date_gmt":"2025-09-05T11:12:14","guid":{"rendered":"http:\/\/tickprotektor.com\/tickprotektor\/"},"modified":"2026-02-06T06:44:49","modified_gmt":"2026-02-06T04:44:49","slug":"tickprotektor","status":"publish","type":"page","link":"https:\/\/tickprotektor.com\/fr\/tickprotektor\/","title":{"rendered":"Tickprotektor"},"content":{"rendered":"\n<div class=\"gb-element-3935d428\">\n<div class=\"gb-element-f089eb28\">\n<div class=\"gb-element-41030fbf\">\n<div class=\"gb-element-7cae2517\">\n<p class=\"gb-text gb-text-dfe8c9f1\">TickProtektor Basic<\/p>\n\n\n\n<p class=\"gb-text gb-text-32cec8d6\">Le soin du pelage intelligent, un dosage optimal au bon endroit<\/p>\n<\/div>\n\n\n\n<div class=\"gb-element-b4407fcf videoside-hero\">\n<div class=\"gb-element-96cb5562\">\n<p class=\"gb-text gb-text-fcc37368\">D\u00e9but 2026<\/p>\n<\/div>\n\n\n\n<div class=\"gb-element-a40da138\">\n<div class=\"shophero-video-parent\">\n  <video\n    src=\"https:\/\/tickprotektor.com\/wp-content\/uploads\/2026\/02\/tickprotektor_basic.mp4\"\n    autoplay\n    muted\n    loop\n    playsinline\n  ><\/video>\n<\/div>\n<\/div>\n\n\n\n<div class=\"gb-element-0c100d20\">\n<img decoding=\"async\" width=\"860\" height=\"696\" class=\"gb-media-8d17ddeb\" alt=\"\" src=\"https:\/\/tickprotektor.com\/wp-content\/uploads\/2025\/10\/Kickstarter.png\" title=\"Kickstarter\" srcset=\"https:\/\/tickprotektor.com\/wp-content\/uploads\/2025\/10\/Kickstarter.png 860w, https:\/\/tickprotektor.com\/wp-content\/uploads\/2025\/10\/Kickstarter-300x243.png 300w, https:\/\/tickprotektor.com\/wp-content\/uploads\/2025\/10\/Kickstarter-768x622.png 768w\" sizes=\"(max-width: 860px) 100vw, 860px\" \/>\n<\/div>\n<\/div>\n<\/div>\n\n\n\n<div class=\"gb-element-89c14aff\">\n<div class=\"gb-element-ea5e93f5\">\n<div class=\"gb-element-c240dd5f\">\n<span class=\"gb-shape gb-shape-245476e1\"><svg width=\"24\" height=\"24\" viewBox=\"0 0 24 24\" fill=\"none\" stroke=\"currentColor\" stroke-width=\"2\" stroke-linecap=\"round\" stroke-linejoin=\"round\" class=\"lucide lucide-sparkles w-3.5 h-3.5 mr-1.5\" data-lov-id=\"src\/pages\/Shop.tsx:102:16\" data-lov-name=\"Sparkles\" data-component-path=\"src\/pages\/Shop.tsx\" data-component-line=\"102\" data-component-file=\"Shop.tsx\" data-component-name=\"Sparkles\" data-component-content=\"%7B%22className%22%3A%22w-3.5%20h-3.5%20mr-1.5%22%7D\" xmlns=\"http:\/\/www.w3.org\/2000\/svg\"><path d=\"M9.937 15.5A2 2 0 0 0 8.5 14.063l-6.135-1.582a.5.5 0 0 1 0-.962L8.5 9.936A2 2 0 0 0 9.937 8.5l1.582-6.135a.5.5 0 0 1 .963 0L14.063 8.5A2 2 0 0 0 15.5 9.937l6.135 1.581a.5.5 0 0 1 0 .964L15.5 14.063a2 2 0 0 0-1.437 1.437l-1.582 6.135a.5.5 0 0 1-.963 0z\"><\/path><path d=\"M20 3v4\"><\/path><path d=\"M22 5h-4\"><\/path><path d=\"M4 17v2\"><\/path><path d=\"M5 18H3\"><\/path><\/svg><\/span>\n\n\n\n<p class=\"gb-text gb-text-b9d6fc1c\">EXCLUSIVIT\u00c9 KICKSTARTER<\/p>\n<\/div>\n<\/div>\n\n\n\n<div>\n<p class=\"gb-text gb-text-6dda73ae\">TickProtektor Basic<\/p>\n\n\n\n<p class=\"gb-text gb-text-93d2f30f\">Le soin du pelage intelligent, un dosage optimal au bon endroit<\/p>\n\n\n\n<p class=\"gb-text gb-text-b1b8c055\">Naturel. Scientifique. S\u00fbr. D\u00e9velopp\u00e9 \u00e0 partir de 344 plantes m\u00e9dicinales, sans produits chimiques \u2013 pour une protection maximale avec un impact minimal.   <\/p>\n<\/div>\n\n\n\n<div class=\"gb-element-fdf9aa76 shopherocard\">\n<div class=\"gb-element-9e877321\">\n<span class=\"gb-shape gb-shape-9e0edfa9\"><svg aria-hidden=\"true\" height=\"1em\" width=\"1em\" viewBox=\"0 0 448 512\" xmlns=\"http:\/\/www.w3.org\/2000\/svg\"><path fill=\"currentColor\" d=\"M148 288h-40c-6.6 0-12-5.4-12-12v-40c0-6.6 5.4-12 12-12h40c6.6 0 12 5.4 12 12v40c0 6.6-5.4 12-12 12zm108-12v-40c0-6.6-5.4-12-12-12h-40c-6.6 0-12 5.4-12 12v40c0 6.6 5.4 12 12 12h40c6.6 0 12-5.4 12-12zm96 0v-40c0-6.6-5.4-12-12-12h-40c-6.6 0-12 5.4-12 12v40c0 6.6 5.4 12 12 12h40c6.6 0 12-5.4 12-12zm-96 96v-40c0-6.6-5.4-12-12-12h-40c-6.6 0-12 5.4-12 12v40c0 6.6 5.4 12 12 12h40c6.6 0 12-5.4 12-12zm-96 0v-40c0-6.6-5.4-12-12-12h-40c-6.6 0-12 5.4-12 12v40c0 6.6 5.4 12 12 12h40c6.6 0 12-5.4 12-12zm192 0v-40c0-6.6-5.4-12-12-12h-40c-6.6 0-12 5.4-12 12v40c0 6.6 5.4 12 12 12h40c6.6 0 12-5.4 12-12zm96-260v352c0 26.5-21.5 48-48 48H48c-26.5 0-48-21.5-48-48V112c0-26.5 21.5-48 48-48h48V12c0-6.6 5.4-12 12-12h40c6.6 0 12 5.4 12 12v52h128V12c0-6.6 5.4-12 12-12h40c6.6 0 12 5.4 12 12v52h48c26.5 0 48 21.5 48 48zm-48 346V160H48v298c0 3.3 2.7 6 6 6h340c3.3 0 6-2.7 6-6z\"><\/path><\/svg><\/span>\n\n\n\n<div>\n<p class=\"gb-text gb-text-54d04853\">Lancement : Kickstarter 2026<\/p>\n\n\n\n<p class=\"gb-text gb-text-63d6aee5\">Faites partie de la r\u00e9volution ! B\u00e9n\u00e9ficiez d\u2019un prix Early Bird exclusif et de goodies Kickstarter limit\u00e9s. <\/p>\n<\/div>\n<\/div>\n\n\n\n<div class=\"gb-element-7ffce4bc\">\n<div class=\"threechecks\">\n  <span>\n    <svg xmlns=\"http:\/\/www.w3.org\/2000\/svg\" viewbox=\"0 0 24 24\" width=\"16\" height=\"16\" fill=\"none\" stroke=\"currentColor\" stroke-width=\"2\" stroke-linecap=\"round\" stroke-linejoin=\"round\">\n      <path d=\"M20 6 9 17l-5-5\"><\/path>\n    <\/svg>\n  Remise Early Bird\n  <\/span>\n  <span>\n    <svg xmlns=\"http:\/\/www.w3.org\/2000\/svg\" viewbox=\"0 0 24 24\" width=\"16\" height=\"16\" fill=\"none\" stroke=\"currentColor\" stroke-width=\"2\" stroke-linecap=\"round\" stroke-linejoin=\"round\">\n      <path d=\"M20 6 9 17l-5-5\"><\/path>\n    <\/svg>\n  Goodies exclusifs\n  <\/span>\n  <span>\n    <svg xmlns=\"http:\/\/www.w3.org\/2000\/svg\" viewbox=\"0 0 24 24\" width=\"16\" height=\"16\" fill=\"none\" stroke=\"currentColor\" stroke-width=\"2\" stroke-linecap=\"round\" stroke-linejoin=\"round\">\n      <path d=\"M20 6 9 17l-5-5\"><\/path>\n    <\/svg>\n  Limit\u00e9\n  <\/span>\n<\/div>\n<\/div>\n<\/div>\n\n\n\n<div class=\"tick-nl-section tick-nl-ppage\" id=\"ppage-nl-section\">\n  <div class=\"tick-nl-inner\">\n\n    <form method=\"post\" action=\"https:\/\/aaronsnewsletter.tickprotektor.eu\/aarons-newsletter\/Newsletter\/nl.php\" class=\"tick-nl-form\">\n      \n      <input type=\"hidden\" name=\"MailingListId\" value=\"9\"\/>\n      <input type=\"hidden\" name=\"FormId\" value=\"1\"\/>\n      <input type=\"hidden\" name=\"FormEncoding\" value=\"utf-8\"\/>\n\n      <div class=\"tick-nl-input-row\">\n        <label for=\"u_EMail_page\" class=\"tick-nl-label\">\n  Adresse e-mail <span class=\"tick-nl-required\">*<\/span>\n        <\/label>\n        \n        <div class=\"tick-nl-input-group ppage-nl-input-group\">\n          <input type=\"email\" name=\"u_EMail\" id=\"u_EMail_page\" maxlength=\"255\" placeholder=\"\" style=\"width: 100%;\"\/> <button type=\"submit\" class=\"tick-nl-button\">\n  Envoyer <span class=\"tick-nl-arrow-symbol\">\u2192<\/span>\n          <\/button>\n        <\/div>\n      <\/div>\n\n      <div class=\"tick-nl-action-row tick-nl-hidden-block\" id=\"action_row_page\">\n        <span class=\"tick-nl-action-row-title\">Action souhait\u00e9e<\/span>\n        <label class=\"tick-nl-radio\" for=\"Action1_page\">\n          <input type=\"radio\" name=\"Action\" value=\"subscribe\" checked=\"checked\" id=\"Action1_page\"\/>\n          <span>S&rsquo;inscrire<\/span>\n        <\/label>\n        <label class=\"tick-nl-radio\" for=\"Action2_page\">\n          <input type=\"radio\" name=\"Action\" value=\"unsubscribe\" id=\"Action2_page\"\/>\n          <span>Se d\u00e9sinscrire<\/span>\n        <\/label> \n      <\/div>\n\n      <div class=\"tick-nl-privacy tick-nl-hidden-block\" id=\"privacy_row_page\">\n        <p>\n  En indiquant mes donn\u00e9es et en soumettant l&rsquo;inscription, j&rsquo;accepte de\n recevoir la newsletter command\u00e9e ici par e-mail.\n Mes donn\u00e9es ne seront pas transmises \u00e0 des tiers. Je peux r\u00e9voquer cet accord\n \u00e0 tout moment. Vous trouverez de plus amples informations dans la\n          <a href=\"https:\/\/tickprotektor.com\/de\/datenschutz\/\" target=\"_blank\" rel=\"noopener\">\n politique de confidentialit\u00e9\n          <\/a>.  \n        <\/p>\n\n        <label class=\"tick-nl-privacy-check\" for=\"PrivacyPolicyAccepted_page\">\n          <input type=\"checkbox\" name=\"PrivacyPolicyAccepted\" id=\"PrivacyPolicyAccepted_page\" value=\"1\"\/>\n          <span>\n  J&rsquo;accepte la\n            <a href=\"https:\/\/tickprotektor.com\/de\/datenschutz\/\" target=\"_blank\" rel=\"noopener\">\n politique de confidentialit\u00e9\n            <\/a>.\n            <span class=\"tick-nl-required\">*<\/span>\n          <\/span>\n        <\/label>\n\n        <p class=\"tick-nl-note\">\n  Les champs marqu\u00e9s d&rsquo;un <span class=\"tick-nl-required\">*<\/span> sont obligatoires.\n        <\/p>\n      <\/div>\n\n    <\/form>\n  <\/div>\n<\/div>\n\n<script>\ndocument.addEventListener(\"DOMContentLoaded\", function() {\n    var emailInputPage = document.getElementById(\"u_EMail_page\");\n    var actionRowPage = document.getElementById(\"action_row_page\");\n    var privacyRowPage = document.getElementById(\"privacy_row_page\");\n\n    function showFieldsPage() {\n        if(actionRowPage && privacyRowPage) {\n            actionRowPage.classList.remove(\"tick-nl-hidden-block\");\n            privacyRowPage.classList.remove(\"tick-nl-hidden-block\");\n        }\n    }\n\n    if(emailInputPage) {\n        ['input', 'focus', 'change', 'paste', 'touchstart'].forEach(function(evt) {\n            emailInputPage.addEventListener(evt, showFieldsPage, {passive: true});\n        });\n    }\n});\n<\/script>\n\n\n\n<div class=\"gb-element-225669c1\">\n<a class=\"gb-text gb-text-748f964f\" id=\"ppagenl-toggle\">S\u2019inscrire maintenant<\/a>\n\n\n\n<p class=\"gb-text gb-text-c7e3db07\">\u2713 Nous d\u00e9testons le spam \u2013 D\u00e9sinscription possible \u00e0 tout moment<\/p>\n<\/div>\n<\/div>\n<\/div>\n<\/div>\n\n\n\n<div class=\"gb-element-f078be9c\">\n<p class=\"gb-text gb-text-db1958e4\">Suivez-nous<\/p>\n\n\n\n<ul class=\"wp-block-social-links is-layout-flex wp-block-social-links-is-layout-flex\"><li class=\"wp-social-link wp-social-link-facebook  wp-block-social-link\"><a href=\"https:\/\/www.facebook.com\/Tickprotektor\" class=\"wp-block-social-link-anchor\" rel=\"nofollow noopener\" target=\"_blank\"><svg width=\"24\" height=\"24\" viewBox=\"0 0 24 24\" version=\"1.1\" xmlns=\"http:\/\/www.w3.org\/2000\/svg\" aria-hidden=\"true\" focusable=\"false\"><path d=\"M12 2C6.5 2 2 6.5 2 12c0 5 3.7 9.1 8.4 9.9v-7H7.9V12h2.5V9.8c0-2.5 1.5-3.9 3.8-3.9 1.1 0 2.2.2 2.2.2v2.5h-1.3c-1.2 0-1.6.8-1.6 1.6V12h2.8l-.4 2.9h-2.3v7C18.3 21.1 22 17 22 12c0-5.5-4.5-10-10-10z\"><\/path><\/svg><span class=\"wp-block-social-link-label screen-reader-text\">Facebook<\/span><\/a><\/li>\n\n<li class=\"wp-social-link wp-social-link-instagram  wp-block-social-link\"><a href=\"https:\/\/www.instagram.com\/tickprotektor\" class=\"wp-block-social-link-anchor\" rel=\"nofollow noopener\" target=\"_blank\"><svg width=\"24\" height=\"24\" viewBox=\"0 0 24 24\" version=\"1.1\" xmlns=\"http:\/\/www.w3.org\/2000\/svg\" aria-hidden=\"true\" focusable=\"false\"><path d=\"M12,4.622c2.403,0,2.688,0.009,3.637,0.052c0.877,0.04,1.354,0.187,1.671,0.31c0.42,0.163,0.72,0.358,1.035,0.673 c0.315,0.315,0.51,0.615,0.673,1.035c0.123,0.317,0.27,0.794,0.31,1.671c0.043,0.949,0.052,1.234,0.052,3.637 s-0.009,2.688-0.052,3.637c-0.04,0.877-0.187,1.354-0.31,1.671c-0.163,0.42-0.358,0.72-0.673,1.035 c-0.315,0.315-0.615,0.51-1.035,0.673c-0.317,0.123-0.794,0.27-1.671,0.31c-0.949,0.043-1.233,0.052-3.637,0.052 s-2.688-0.009-3.637-0.052c-0.877-0.04-1.354-0.187-1.671-0.31c-0.42-0.163-0.72-0.358-1.035-0.673 c-0.315-0.315-0.51-0.615-0.673-1.035c-0.123-0.317-0.27-0.794-0.31-1.671C4.631,14.688,4.622,14.403,4.622,12 s0.009-2.688,0.052-3.637c0.04-0.877,0.187-1.354,0.31-1.671c0.163-0.42,0.358-0.72,0.673-1.035 c0.315-0.315,0.615-0.51,1.035-0.673c0.317-0.123,0.794-0.27,1.671-0.31C9.312,4.631,9.597,4.622,12,4.622 M12,3 C9.556,3,9.249,3.01,8.289,3.054C7.331,3.098,6.677,3.25,6.105,3.472C5.513,3.702,5.011,4.01,4.511,4.511 c-0.5,0.5-0.808,1.002-1.038,1.594C3.25,6.677,3.098,7.331,3.054,8.289C3.01,9.249,3,9.556,3,12c0,2.444,0.01,2.751,0.054,3.711 c0.044,0.958,0.196,1.612,0.418,2.185c0.23,0.592,0.538,1.094,1.038,1.594c0.5,0.5,1.002,0.808,1.594,1.038 c0.572,0.222,1.227,0.375,2.185,0.418C9.249,20.99,9.556,21,12,21s2.751-0.01,3.711-0.054c0.958-0.044,1.612-0.196,2.185-0.418 c0.592-0.23,1.094-0.538,1.594-1.038c0.5-0.5,0.808-1.002,1.038-1.594c0.222-0.572,0.375-1.227,0.418-2.185 C20.99,14.751,21,14.444,21,12s-0.01-2.751-0.054-3.711c-0.044-0.958-0.196-1.612-0.418-2.185c-0.23-0.592-0.538-1.094-1.038-1.594 c-0.5-0.5-1.002-0.808-1.594-1.038c-0.572-0.222-1.227-0.375-2.185-0.418C14.751,3.01,14.444,3,12,3L12,3z M12,7.378 c-2.552,0-4.622,2.069-4.622,4.622S9.448,16.622,12,16.622s4.622-2.069,4.622-4.622S14.552,7.378,12,7.378z M12,15 c-1.657,0-3-1.343-3-3s1.343-3,3-3s3,1.343,3,3S13.657,15,12,15z M16.804,6.116c-0.596,0-1.08,0.484-1.08,1.08 s0.484,1.08,1.08,1.08c0.596,0,1.08-0.484,1.08-1.08S17.401,6.116,16.804,6.116z\"><\/path><\/svg><span class=\"wp-block-social-link-label screen-reader-text\">Instagram<\/span><\/a><\/li>\n\n<li class=\"wp-social-link wp-social-link-tiktok  wp-block-social-link\"><a href=\"https:\/\/www.tiktok.com\/@jens.metz4?_t=ZN-90NFagiedug&#038;_r=1\" class=\"wp-block-social-link-anchor\" rel=\"nofollow noopener\" target=\"_blank\"><svg width=\"24\" height=\"24\" viewBox=\"0 0 32 32\" version=\"1.1\" xmlns=\"http:\/\/www.w3.org\/2000\/svg\" aria-hidden=\"true\" focusable=\"false\"><path d=\"M16.708 0.027c1.745-0.027 3.48-0.011 5.213-0.027 0.105 2.041 0.839 4.12 2.333 5.563 1.491 1.479 3.6 2.156 5.652 2.385v5.369c-1.923-0.063-3.855-0.463-5.6-1.291-0.76-0.344-1.468-0.787-2.161-1.24-0.009 3.896 0.016 7.787-0.025 11.667-0.104 1.864-0.719 3.719-1.803 5.255-1.744 2.557-4.771 4.224-7.88 4.276-1.907 0.109-3.812-0.411-5.437-1.369-2.693-1.588-4.588-4.495-4.864-7.615-0.032-0.667-0.043-1.333-0.016-1.984 0.24-2.537 1.495-4.964 3.443-6.615 2.208-1.923 5.301-2.839 8.197-2.297 0.027 1.975-0.052 3.948-0.052 5.923-1.323-0.428-2.869-0.308-4.025 0.495-0.844 0.547-1.485 1.385-1.819 2.333-0.276 0.676-0.197 1.427-0.181 2.145 0.317 2.188 2.421 4.027 4.667 3.828 1.489-0.016 2.916-0.88 3.692-2.145 0.251-0.443 0.532-0.896 0.547-1.417 0.131-2.385 0.079-4.76 0.095-7.145 0.011-5.375-0.016-10.735 0.025-16.093z\" \/><\/svg><span class=\"wp-block-social-link-label screen-reader-text\">TikTok<\/span><\/a><\/li>\n\n<li class=\"wp-social-link wp-social-link-youtube  wp-block-social-link\"><a href=\"https:\/\/www.youtube.com\/@Tickprotektor\" class=\"wp-block-social-link-anchor\" rel=\"nofollow noopener\" target=\"_blank\"><svg width=\"24\" height=\"24\" viewBox=\"0 0 24 24\" version=\"1.1\" xmlns=\"http:\/\/www.w3.org\/2000\/svg\" aria-hidden=\"true\" focusable=\"false\"><path d=\"M21.8,8.001c0,0-0.195-1.378-0.795-1.985c-0.76-0.797-1.613-0.801-2.004-0.847c-2.799-0.202-6.997-0.202-6.997-0.202 h-0.009c0,0-4.198,0-6.997,0.202C4.608,5.216,3.756,5.22,2.995,6.016C2.395,6.623,2.2,8.001,2.2,8.001S2,9.62,2,11.238v1.517 c0,1.618,0.2,3.237,0.2,3.237s0.195,1.378,0.795,1.985c0.761,0.797,1.76,0.771,2.205,0.855c1.6,0.153,6.8,0.201,6.8,0.201 s4.203-0.006,7.001-0.209c0.391-0.047,1.243-0.051,2.004-0.847c0.6-0.607,0.795-1.985,0.795-1.985s0.2-1.618,0.2-3.237v-1.517 C22,9.62,21.8,8.001,21.8,8.001z M9.935,14.594l-0.001-5.62l5.404,2.82L9.935,14.594z\"><\/path><\/svg><span class=\"wp-block-social-link-label screen-reader-text\">YouTube<\/span><\/a><\/li><\/ul>\n<\/div>\n","protected":false},"excerpt":{"rendered":"<p>TickProtektor Basic Le soin du pelage intelligent, un dosage optimal au bon endroit D\u00e9but 2026 EXCLUSIVIT\u00c9 KICKSTARTER TickProtektor Basic Le soin du pelage intelligent, un dosage optimal au bon endroit Naturel. Scientifique. S\u00fbr. D\u00e9velopp\u00e9 \u00e0 partir de 344 plantes m\u00e9dicinales, sans produits chimiques \u2013 pour une protection maximale avec un impact minimal. Lancement : Kickstarter [&hellip;]<\/p>\n","protected":false},"author":1,"featured_media":0,"parent":0,"menu_order":0,"comment_status":"closed","ping_status":"closed","template":"","meta":{"footnotes":""},"class_list":["post-3169","page","type-page","status-publish","hentry"],"_links":{"self":[{"href":"https:\/\/tickprotektor.com\/fr\/wp-json\/wp\/v2\/pages\/3169","targetHints":{"allow":["GET"]}}],"collection":[{"href":"https:\/\/tickprotektor.com\/fr\/wp-json\/wp\/v2\/pages"}],"about":[{"href":"https:\/\/tickprotektor.com\/fr\/wp-json\/wp\/v2\/types\/page"}],"author":[{"embeddable":true,"href":"https:\/\/tickprotektor.com\/fr\/wp-json\/wp\/v2\/users\/1"}],"replies":[{"embeddable":true,"href":"https:\/\/tickprotektor.com\/fr\/wp-json\/wp\/v2\/comments?post=3169"}],"version-history":[{"count":0,"href":"https:\/\/tickprotektor.com\/fr\/wp-json\/wp\/v2\/pages\/3169\/revisions"}],"wp:attachment":[{"href":"https:\/\/tickprotektor.com\/fr\/wp-json\/wp\/v2\/media?parent=3169"}],"curies":[{"name":"wp","href":"https:\/\/api.w.org\/{rel}","templated":true}]}}